{"id":659,"date":"2025-07-01T01:48:33","date_gmt":"2025-06-30T23:48:33","guid":{"rendered":"https:\/\/brion.info\/?page_id=659"},"modified":"2025-07-30T10:27:41","modified_gmt":"2025-07-30T08:27:41","slug":"d-karriere-leer","status":"publish","type":"page","link":"https:\/\/brion.info\/en\/karriere\/d-karriere-leer\/","title":{"rendered":"Ausbildung Mechatroniker K\u00e4ltetechnik (m\/w\/d"},"content":{"rendered":"<div>\n<div class=\"wp-block-stackable-heading stk-block-heading stk-block-heading--v2 stk-block stk-bd9e7fa\" id=\"ausbildungsplatz\" data-block-id=\"bd9e7fa\"><style>.stk-bd9e7fa {padding-left:60px !important;}.stk-bd9e7fa .stk-block-heading__text{font-size:42px !important;color:var(--theme-palette-color-4, #181E4D) !important;line-height:1.2em !important;font-weight:100 !important;font-family:\"ct_font_helvetica__l_t__pro\", Sans-serif !important;letter-spacing:1px !important;}@media screen and (max-width:999px){.stk-bd9e7fa .stk-block-heading__text{font-size:42px !important;}}<\/style><h2 class=\"stk-block-heading__text has-text-color\">Ausbildungsplatz.<\/h2><\/div>\n\n\n\n<div class=\"wp-block-stackable-text stk-block-text stk-block stk-7bdcdfa\" data-block-id=\"7bdcdfa\"><style>.stk-7bdcdfa {overflow:hidden !important;margin-left:25% !important;}.stk-7bdcdfa .stk-block-text__text{font-size:16px !important;color:var(--theme-palette-color-4, #181E4D) !important;line-height:1.8em !important;font-weight:400 !important;font-family:\"ct_font_helvetica__l_t__pro\", Sans-serif !important;letter-spacing:0.5px !important;}@media screen and (max-width:999px){.stk-7bdcdfa {margin-right:0px !important;margin-left:0px !important;}.stk-7bdcdfa .stk-block-text__text{font-size:16px !important;}}<\/style><p class=\"stk-block-text__text has-text-color\">Du m\u00f6chtest einen coolen technisch-handwerklichen Beruf erlernen, der zukunftsorientiert ist, Abwechslung bietet und bei dem ein k\u00fchles Klima und die Umwelt eine entscheidende Rolle spielen? Dann ist die Arbeit mit K\u00e4lte- und Klimaanlagen f\u00fcr Dich sicherlich von Interesse.<br><br>Wir suchen zur dauerhaften Verst\u00e4rkung unseres Teams&nbsp;<strong>Auszubildende zum Mechatroniker&nbsp;f\u00fcr K\u00e4ltetechnik <strong>(m\/w\/d)<\/strong><\/strong> mit dem Ziel zur \u00dcbernahme nach der bestandenen Abschlusspr\u00fcfung.<br><br>Deine Aufgaben als Mechatroniker f\u00fcr K\u00e4ltetechnik sind sehr vielschichtig. Du wirst Kenntnisse \u00fcber Elektro- und Steuerungstechnik, Energieeffizienz sowie computergesteuerte \u00dcberwachung der Temperatur und Vernetzung von Ger\u00e4ten erlernen, wie auch dein handwerkliches Geschick immer wieder neu unter Beweis stellen m\u00fcssen. Mit viel technischem und handwerklichem Know-how findest Du Dich in komplexen Pl\u00e4nen zurecht, planst, montierst, reparierst und wartest k\u00e4lte- und klimatechnische Anlagen und \u00fcbernimmst somit Verantwortung f\u00fcr das (Raum-)Klima und die Umwelt.<\/p><\/div>\n\n\n\n<div class=\"wp-block-stackable-text stk-block-text stk-block stk-ed85407\" data-block-id=\"ed85407\"><style>.stk-ed85407 {overflow:hidden !important;margin-bottom:0% !important;margin-left:25% !important;}.stk-ed85407 .stk-block-text__text{font-size:16px !important;color:var(--theme-palette-color-4, #181E4D) !important;line-height:1.8em !important;font-weight:700 !important;font-family:\"ct_font_helvetica__l_t__pro\", Sans-serif !important;letter-spacing:0.5px !important;}@media screen and (max-width:999px){.stk-ed85407 {margin-right:0px !important;margin-left:0px !important;}.stk-ed85407 .stk-block-text__text{font-size:16px !important;}}<\/style><p class=\"stk-block-text__text has-text-color\"><strong>Unsere Anforderungen an Bewerber sind:<\/strong><\/p><\/div>\n\n\n\n<ul style=\"padding-right:0%;padding-left:25%;font-size:clamp(14px, 0.875rem + ((1vw - 3.2px) * 0.156), 16px);\" class=\"wp-block-list has-palette-color-4-color has-text-color has-link-color wp-elements-4a91d85989ad15cf23f5edac08da2e90\" data-block-type=\"core\">\n<li style=\"margin-left:2.5%;font-size:clamp(14px, 0.875rem + ((1vw - 3.2px) * 0.156), 16px);letter-spacing:0.5px;line-height:1.8\" data-block-type=\"core\">mindestens FOR (Fachoberschulreife)<\/li>\n\n\n\n<li style=\"margin-left:2.5%;font-size:clamp(14px, 0.875rem + ((1vw - 3.2px) * 0.156), 16px);letter-spacing:0.5px;line-height:1.8\" data-block-type=\"core\">gute bis sehr gute Noten in Mathematik, Physik und Chemie<\/li>\n\n\n\n<li style=\"margin-left:2.5%;font-size:clamp(14px, 0.875rem + ((1vw - 3.2px) * 0.156), 16px);letter-spacing:0.5px;line-height:1.8\" data-block-type=\"core\">handwerkliches Geschick, wie auch technisches Interesse und Verst\u00e4ndnis<\/li>\n\n\n\n<li style=\"margin-left:2.5%;font-size:clamp(14px, 0.875rem + ((1vw - 3.2px) * 0.156), 16px);letter-spacing:0.5px;line-height:1.8\" data-block-type=\"core\">praktisches und l\u00f6sungsorientiertes Handeln<\/li>\n\n\n\n<li style=\"margin-left:2.5%;font-size:clamp(14px, 0.875rem + ((1vw - 3.2px) * 0.156), 16px);letter-spacing:0.5px;line-height:1.8\" data-block-type=\"core\">Teamf\u00e4higkeit<\/li>\n\n\n\n<li style=\"margin-left:2.5%;font-size:clamp(14px, 0.875rem + ((1vw - 3.2px) * 0.156), 16px);letter-spacing:0.5px;line-height:1.8\" data-block-type=\"core\">Flexibilit\u00e4t<\/li>\n\n\n\n<li style=\"margin-left:2.5%;font-size:clamp(14px, 0.875rem + ((1vw - 3.2px) * 0.156), 16px);letter-spacing:0.5px;line-height:1.8\" data-block-type=\"core\">Zuverl\u00e4ssigkeit<\/li>\n\n\n\n<li style=\"margin-left:2.5%;font-size:clamp(14px, 0.875rem + ((1vw - 3.2px) * 0.156), 16px);letter-spacing:0.5px;line-height:1.8\" data-block-type=\"core\">Schwindelfrei sein (f\u00fcr das Arbeiten in gro\u00dfen H\u00f6hen)<\/li>\n\n\n\n<li style=\"margin-left:2.5%;font-size:clamp(14px, 0.875rem + ((1vw - 3.2px) * 0.156), 16px);letter-spacing:0.5px;line-height:1.8\" data-block-type=\"core\">PKW-F\u00fchrerschein ist von Vorteil<\/li>\n<\/ul>\n\n\n\n<div class=\"wp-block-stackable-text stk-block-text stk-block stk-612523a\" data-block-id=\"612523a\"><style>.stk-612523a {overflow:hidden !important;margin-left:25% !important;}.stk-612523a .stk-block-text__text{font-size:16px !important;color:var(--theme-palette-color-4, #181E4D) !important;line-height:1.8em !important;font-weight:400 !important;font-family:\"ct_font_helvetica__l_t__pro\", Sans-serif !important;letter-spacing:0.5px !important;}@media screen and (max-width:999px){.stk-612523a {margin-right:0px !important;margin-left:0px !important;}.stk-612523a .stk-block-text__text{font-size:16px !important;}}<\/style><p class=\"stk-block-text__text has-text-color\">Wir freuen uns auf Deine aussagekr\u00e4ftige Bewerbung \u2013 bevorzugt per E-Mail an&nbsp;bewerbung@brion.biz&nbsp;\u2013 unter Angabe des m\u00f6glichen Eintrittstermins (i.d.R. zum 01.08.).<\/p><\/div>\n\n\n\n<div style=\"height:22px\" aria-hidden=\"true\" class=\"wp-block-spacer\" data-block-type=\"core\"><\/div>\n\n\n\n<div class=\"wp-block-stackable-button-group stk-block-button-group stk-block stk-741402a\" data-block-id=\"741402a\"><style>.stk-741402a {margin-left:25% !important;}@media screen and (max-width:999px){.stk-741402a {margin-left:0px !important;}}<\/style><div class=\"stk-row stk-inner-blocks stk-block-content stk-button-group\">\n<div class=\"wp-block-stackable-button stk-block-button is-style-ghost stk-block stk-0ccf79c\" data-block-id=\"0ccf79c\"><style>.stk-0ccf79c {min-height:0px !important;align-items:center !important;padding-top:0px !important;padding-right:0px !important;padding-bottom:0px !important;padding-left:0px !important;display:flex !important;}.stk-0ccf79c .stk-button{padding-top:20px !important;padding-bottom:14px !important;background:var(--theme-palette-color-6, rgba(255, 255, 255, 0.8)) !important;}.stk-0ccf79c .stk-button:hover:after{background:transparent !important;opacity:1 !important;}:where(.stk-hover-parent:hover,  .stk-hover-parent.stk--is-hovered) .stk-0ccf79c .stk-button:after{background:transparent !important;opacity:1 !important;}.stk-0ccf79c .stk-button:before{border-style:solid !important;border-color:var(--theme-palette-color-3, #A0A8AE) !important;border-top-width:1px !important;border-right-width:1px !important;border-bottom-width:1px !important;border-left-width:1px !important;}.stk-0ccf79c .stk-button__inner-text{font-size:20px !important;color:var(--theme-palette-color-4, #131e46) !important;font-weight:300 !important;letter-spacing:1px !important;}@media screen and (max-width:999px){.stk-0ccf79c .stk-button__inner-text{font-size:20px !important;}}<\/style><style class=\"stk-custom-css\">.stk-0ccf79c.stk-block-button{width:340px !important}<\/style><a class=\"stk-link stk-button stk--hover-effect-darken\" href=\"mailto:bewerbung@brion.biz\"><span class=\"has-text-color stk-button__inner-text\">Jetzt bewerben<\/span><\/a><\/div>\n<\/div><\/div>\n\n\n\n<div class=\"wp-block-stackable-spacer stk-block-spacer stk--no-padding stk-block stk-cf242b9\" data-block-id=\"cf242b9\"><style>.stk-cf242b9 {height:107px !important;}<\/style><\/div>\n\n\n\n<div class=\"wp-block-stackable-heading stk-block-heading stk-block-heading--v2 stk-block stk-effe61f\" id=\"ihre-initiativbewerbung\" data-block-id=\"effe61f\"><style>.stk-effe61f {padding-left:60px !important;margin-bottom:33px !important;}.stk-effe61f .stk-block-heading__text{font-size:42px !important;color:var(--theme-palette-color-4, #181E4D) !important;line-height:1.2em !important;font-weight:100 !important;font-family:\"ct_font_helvetica__l_t__pro\", Sans-serif !important;letter-spacing:1px !important;}@media screen and (max-width:999px){.stk-effe61f .stk-block-heading__text{font-size:42px !important;}}<\/style><h2 class=\"stk-block-heading__text has-text-color\">Ihre Initiativbewerbung.<\/h2><\/div>\n\n\n\n<div class=\"wp-block-stackable-text stk-block-text stk-block stk-7f187b1\" data-block-id=\"7f187b1\"><style>.stk-7f187b1 {overflow:hidden !important;margin-left:25% !important;}.stk-7f187b1 .stk-block-text__text{font-size:16px !important;color:var(--theme-palette-color-4, #181E4D) !important;line-height:1.8em !important;font-weight:400 !important;font-family:\"ct_font_helvetica__l_t__pro\", Sans-serif !important;letter-spacing:0.5px !important;}@media screen and (max-width:999px){.stk-7f187b1 {margin-right:0px !important;margin-left:0px !important;}.stk-7f187b1 .stk-block-text__text{font-size:16px !important;}}<\/style><p class=\"stk-block-text__text has-text-color\"><strong><span style=\"color: var(--theme-palette-color-4, #131e46);\" class=\"stk-highlight\">Wir freuen uns immer \u00fcber eine motivierte Initiativbewerbung.<\/span><br><\/strong><br><span style=\"color: var(--theme-palette-color-4, #131e46);\" class=\"stk-highlight\">Denken Sie bitte daran, dass ist Ihr erster Eindruck \u2013 Bewerbungsunterlagen sollten daher vollst\u00e4ndig sein. Wenn Sie alles zusammen haben, senden Sie uns Ihre Bewerbung als eine Datei im pdf Format an: bewerbung@brion.biz<\/span><\/p><\/div>\n\n\n\n<div style=\"height:22px\" aria-hidden=\"true\" class=\"wp-block-spacer\" data-block-type=\"core\"><\/div>\n\n\n\n<div class=\"wp-block-stackable-button-group stk-block-button-group stk-block stk-2e4dae9\" data-block-id=\"2e4dae9\"><style>.stk-2e4dae9 {margin-left:25% !important;}@media screen and (max-width:999px){.stk-2e4dae9 {margin-left:0px !important;}}<\/style><div class=\"stk-row stk-inner-blocks stk-block-content stk-button-group\">\n<div class=\"wp-block-stackable-button stk-block-button is-style-ghost stk-block stk-80ed5ae\" data-block-id=\"80ed5ae\"><style>.stk-80ed5ae {min-height:0px !important;align-items:center !important;padding-top:0px !important;padding-right:0px !important;padding-bottom:0px !important;padding-left:0px !important;display:flex !important;}.stk-80ed5ae .stk-button{padding-top:20px !important;padding-right:16px !important;padding-bottom:14px !important;padding-left:16px !important;background:var(--theme-palette-color-6, rgba(255, 255, 255, 0.8)) !important;}.stk-80ed5ae .stk-button:hover:after{background:transparent !important;opacity:1 !important;}:where(.stk-hover-parent:hover,  .stk-hover-parent.stk--is-hovered) .stk-80ed5ae .stk-button:after{background:transparent !important;opacity:1 !important;}.stk-80ed5ae .stk-button:before{border-style:solid !important;border-color:var(--theme-palette-color-3, #A0A8AE) !important;border-top-width:1px !important;border-right-width:1px !important;border-bottom-width:1px !important;border-left-width:1px !important;}.stk-80ed5ae .stk-button__inner-text{font-size:20px !important;color:var(--theme-palette-color-4, #131e46) !important;font-weight:300 !important;letter-spacing:1px !important;}@media screen and (max-width:999px){.stk-80ed5ae .stk-button__inner-text{font-size:20px !important;}}<\/style><style class=\"stk-custom-css\">.stk-80ed5ae.stk-block-button{width:340px !important}<\/style><a class=\"stk-link stk-button stk--hover-effect-darken\" href=\"mailto:bewerbung@brion.biz\"><span class=\"has-text-color stk-button__inner-text\">Jetzt bewerben<\/span><\/a><\/div>\n<\/div><\/div>\n\n\n\n<div class=\"wp-block-stackable-spacer stk-block-spacer stk--no-padding stk-block stk-2e7dbcc\" data-block-id=\"2e7dbcc\"><style>.stk-2e7dbcc {height:107px !important;}<\/style><\/div>\n<\/div>","protected":false},"excerpt":{"rendered":"<p>Ausbildungsplatz. Du m\u00f6chtest einen coolen technisch-handwerklichen Beruf erlernen, der zukunftsorientiert ist, Abwechslung bietet und bei dem ein k\u00fchles Klima und die Umwelt eine entscheidende Rolle spielen? Dann ist die Arbeit mit K\u00e4lte- und Klimaanlagen f\u00fcr Dich sicherlich von Interesse. Wir suchen zur dauerhaften Verst\u00e4rkung unseres Teams&nbsp;Auszubildende zum Mechatroniker&nbsp;f\u00fcr K\u00e4ltetechnik (m\/w\/d) mit dem Ziel zur \u00dcbernahme [&hellip;]<\/p>\n","protected":false},"author":1,"featured_media":0,"parent":672,"menu_order":0,"comment_status":"closed","ping_status":"closed","template":"","meta":{"_acf_changed":false,"footnotes":""},"folder":[],"class_list":["post-659","page","type-page","status-publish","hentry"],"blocksy_meta":{"has_hero_section":"disabled","styles_descriptor":{"styles":{"desktop":"","tablet":"","mobile":""},"google_fonts":[],"version":6}},"acf":[],"_links":{"self":[{"href":"https:\/\/brion.info\/en\/wp-json\/wp\/v2\/pages\/659","targetHints":{"allow":["GET"]}}],"collection":[{"href":"https:\/\/brion.info\/en\/wp-json\/wp\/v2\/pages"}],"about":[{"href":"https:\/\/brion.info\/en\/wp-json\/wp\/v2\/types\/page"}],"author":[{"embeddable":true,"href":"https:\/\/brion.info\/en\/wp-json\/wp\/v2\/users\/1"}],"replies":[{"embeddable":true,"href":"https:\/\/brion.info\/en\/wp-json\/wp\/v2\/comments?post=659"}],"version-history":[{"count":33,"href":"https:\/\/brion.info\/en\/wp-json\/wp\/v2\/pages\/659\/revisions"}],"predecessor-version":[{"id":4268,"href":"https:\/\/brion.info\/en\/wp-json\/wp\/v2\/pages\/659\/revisions\/4268"}],"up":[{"embeddable":true,"href":"https:\/\/brion.info\/en\/wp-json\/wp\/v2\/pages\/672"}],"wp:attachment":[{"href":"https:\/\/brion.info\/en\/wp-json\/wp\/v2\/media?parent=659"}],"wp:term":[{"taxonomy":"folder","embeddable":true,"href":"https:\/\/brion.info\/en\/wp-json\/wp\/v2\/folder?post=659"}],"curies":[{"name":"wp","href":"https:\/\/api.w.org\/{rel}","templated":true}]}}