{"id":2730,"date":"2025-07-17T14:10:15","date_gmt":"2025-07-17T12:10:15","guid":{"rendered":"https:\/\/brion.info\/?page_id=2730"},"modified":"2025-07-30T10:28:31","modified_gmt":"2025-07-30T08:28:31","slug":"karriere-elektriker-m-w-d-kaelte-klima-technik","status":"publish","type":"page","link":"https:\/\/brion.info\/en\/karriere\/karriere-elektriker-m-w-d-kaelte-klima-technik\/","title":{"rendered":"Elektriker K\u00e4lte-Klima-Technik (m\/w\/d)"},"content":{"rendered":"<div>\n<div class=\"wp-block-stackable-heading stk-block-heading stk-block-heading--v2 stk-block stk-bd9e7fa\" id=\"gutes-klima-dank-brion\" data-block-id=\"bd9e7fa\"><style>.stk-bd9e7fa {padding-left:60px !important;}.stk-bd9e7fa .stk-block-heading__text{font-size:42px !important;color:var(--theme-palette-color-4, #181E4D) !important;line-height:1.2em !important;font-weight:100 !important;font-family:\"ct_font_helvetica__l_t__pro\", Sans-serif !important;letter-spacing:1px !important;}@media screen and (max-width:999px){.stk-bd9e7fa .stk-block-heading__text{font-size:42px !important;}}<\/style><h2 class=\"stk-block-heading__text has-text-color\">Gutes Klima dank brion.<\/h2><\/div>\n\n\n\n<div class=\"wp-block-stackable-text stk-block-text stk-block stk-7bdcdfa\" data-block-id=\"7bdcdfa\"><style>.stk-7bdcdfa {overflow:hidden !important;margin-bottom:0% !important;margin-left:25% !important;}.stk-7bdcdfa .stk-block-text__text{font-size:16px !important;color:var(--theme-palette-color-4, #181E4D) !important;line-height:1.8em !important;font-weight:400 !important;font-family:\"ct_font_helvetica__l_t__pro\", Sans-serif !important;letter-spacing:0.5px !important;}@media screen and (max-width:999px){.stk-7bdcdfa {margin-right:0px !important;margin-left:0px !important;}.stk-7bdcdfa .stk-block-text__text{font-size:16px !important;}}<\/style><p class=\"stk-block-text__text has-text-color\">Mit rund 30 Mitarbeitern begeistern wir von Bochum aus seit Jahren unsere Kunden. Wie? Indem wir Anlagen der Luft- und Klimatechnik projektieren, realisieren und warten. Alles aus einer Hand. Professionell. Zuverl\u00e4ssig. Zielorientiert. Daf\u00fcr zeigen wir deutschlandweit f\u00fcr unsere Kunden vollen Einsatz. Jeden Tag aufs Neue. Uns ist es wichtig unsere Kunden vollends zufrieden zu stellen, aber auch auf ein kollegiales Miteinander legen wir gro\u00dfen Wert. Denn wir sorgen nicht nur f\u00fcr gutes Klima. Bei uns finden Sie es auch.<br><br>Wir arbeiten bundesweit in den unterschiedlichsten Branchen f\u00fcr das richtige Klima: angefangen mit kleineren Anlagen bei Privatpersonen \u00fcber mittelgro\u00dfe Anlagen f\u00fcr Apotheken und Arztpraxen bis hin zu gro\u00dfen Anlagen f\u00fcr zum Teil sehr namhafte Kunden. Hierf\u00fcr suchen wir authentische Menschen mit Pers\u00f6nlichkeit, die unseren Kunden hohe Qualit\u00e4t bieten und ein innovatives Unternehmen mit ihrem Know-how perfekt erg\u00e4nzen. Sie f\u00fchlen sich angesprochen? <br><br>Werden Sie Teil unseres Teams, denn dann suchen wir Sie zum n\u00e4chstm\u00f6glichen Termin als<\/p><\/div>\n\n\n\n<div class=\"wp-block-stackable-text stk-block-text stk-block stk-ed85407\" data-block-id=\"ed85407\"><style>.stk-ed85407 {overflow:hidden !important;margin-bottom:0% !important;margin-left:25% !important;}.stk-ed85407 .stk-block-text__text{font-size:16px !important;color:var(--theme-palette-color-4, #181E4D) !important;line-height:1.8em !important;font-weight:700 !important;font-family:\"ct_font_helvetica__l_t__pro\", Sans-serif !important;letter-spacing:0.5px !important;}@media screen and (max-width:999px){.stk-ed85407 {margin-right:0px !important;margin-left:0px !important;}.stk-ed85407 .stk-block-text__text{font-size:16px !important;}}<\/style><p class=\"stk-block-text__text has-text-color\"><strong><strong>Elektriker Luft- und Klimatechnik, sowie K\u00e4ltetechnik<\/strong><\/strong> <strong><strong>(m\/w\/d)<\/strong><\/strong>.<\/p><\/div>\n\n\n\n<div class=\"wp-block-stackable-spacer stk-block-spacer stk--no-padding stk-block stk-c14ada1\" data-block-id=\"c14ada1\"><style>.stk-c14ada1 {height:60px !important;}<\/style><\/div>\n\n\n\n<div class=\"wp-block-stackable-text stk-block-text stk-block stk-aa2a940\" data-block-id=\"aa2a940\"><style>.stk-aa2a940 {overflow:hidden !important;margin-bottom:0% !important;margin-left:25% !important;}.stk-aa2a940 .stk-block-text__text{font-size:16px !important;color:var(--theme-palette-color-4, #181E4D) !important;line-height:1.8em !important;font-weight:700 !important;font-family:\"ct_font_helvetica__l_t__pro\", Sans-serif !important;letter-spacing:0.5px !important;}@media screen and (max-width:999px){.stk-aa2a940 {margin-right:0px !important;margin-left:0px !important;}.stk-aa2a940 .stk-block-text__text{font-size:16px !important;}}<\/style><p class=\"stk-block-text__text has-text-color\"><strong><strong>Ihre Aufgaben:<\/strong><\/strong><\/p><\/div>\n\n\n\n<ul style=\"padding-right:0%;padding-left:25%\" class=\"wp-block-list has-palette-color-4-color has-text-color has-link-color wp-elements-006a468f8269b0c89522d9169f6b2a30\" data-block-type=\"core\">\n<li style=\"margin-left:2.5%;font-size:clamp(14px, 0.875rem + ((1vw - 3.2px) * 0.156), 16px);letter-spacing:0.5px;line-height:1.8\" data-block-type=\"core\">Selbst\u00e4ndige Wartung, Inspektion und Reparatur von k\u00e4lte- und klimatechnischen Anlagen <br>(Splitger\u00e4te, Multi-Split- und VRF\/VRF-Anlagen, Kaltwassers\u00e4tze, L\u00fcftungsger\u00e4te)<\/li>\n\n\n\n<li style=\"margin-left:2.5%;font-size:clamp(14px, 0.875rem + ((1vw - 3.2px) * 0.156), 16px);letter-spacing:0.5px;line-height:1.8\" data-block-type=\"core\">Dokumentation des Materialverbrauchs<\/li>\n\n\n\n<li style=\"margin-left:2.5%;font-size:clamp(14px, 0.875rem + ((1vw - 3.2px) * 0.156), 16px);letter-spacing:0.5px;line-height:1.8\" data-block-type=\"core\">Fehlersuche und St\u00f6rungsbehebung an K\u00e4lte-, Klima- und L\u00fcftungsanlagen<\/li>\n\n\n\n<li style=\"margin-left:2.5%;font-size:clamp(14px, 0.875rem + ((1vw - 3.2px) * 0.156), 16px);letter-spacing:0.5px;line-height:1.8\" data-block-type=\"core\">Festlegung und Dokumentation des Reparaturaufwands<\/li>\n\n\n\n<li style=\"margin-left:2.5%;font-size:clamp(14px, 0.875rem + ((1vw - 3.2px) * 0.156), 16px);letter-spacing:0.5px;line-height:1.8\" data-block-type=\"core\">Erfassung und Dokumentation der aufgewendeten Arbeitszeiten<\/li>\n\n\n\n<li style=\"margin-left:2.5%;font-size:clamp(14px, 0.875rem + ((1vw - 3.2px) * 0.156), 16px);letter-spacing:0.5px;line-height:1.8\" data-block-type=\"core\">Inbetriebnahmen<\/li>\n\n\n\n<li style=\"margin-left:2.5%;font-size:clamp(14px, 0.875rem + ((1vw - 3.2px) * 0.156), 16px);letter-spacing:0.5px;line-height:1.8\" data-block-type=\"core\">Erstellen von qualifizierten Serviceberichten, Messprotokollen und M\u00e4ngelberichten<\/li>\n\n\n\n<li style=\"margin-left:2.5%;font-size:clamp(14px, 0.875rem + ((1vw - 3.2px) * 0.156), 16px);letter-spacing:0.5px;line-height:1.8\" data-block-type=\"core\">Rufbereitschaft \/ Notdienst im Rahmen der 24-Stunden-Bereitschaft, auch an Wochenenden<\/li>\n<\/ul>\n\n\n\n<div class=\"wp-block-stackable-text stk-block-text stk-block stk-434380a\" data-block-id=\"434380a\"><style>.stk-434380a {overflow:hidden !important;margin-bottom:0% !important;margin-left:25% !important;}.stk-434380a .stk-block-text__text{font-size:16px !important;color:var(--theme-palette-color-4, #181E4D) !important;line-height:1.8em !important;font-weight:700 !important;font-family:\"ct_font_helvetica__l_t__pro\", Sans-serif !important;letter-spacing:0.5px !important;}@media screen and (max-width:999px){.stk-434380a {margin-right:0px !important;margin-left:0px !important;}.stk-434380a .stk-block-text__text{font-size:16px !important;}}<\/style><p class=\"stk-block-text__text has-text-color\"><br><strong><strong><strong>Das w\u00fcnschen wir uns:<\/strong><\/strong><\/strong><\/p><\/div>\n\n\n\n<ul style=\"padding-right:0%;padding-left:25%\" class=\"wp-block-list has-palette-color-4-color has-text-color has-link-color wp-elements-a309fcffad265b45a2f1fd4acf7d104b\" data-block-type=\"core\">\n<li style=\"margin-left:2.5%;font-size:clamp(14px, 0.875rem + ((1vw - 3.2px) * 0.156), 16px);letter-spacing:0.5px;line-height:1.8\" data-block-type=\"core\">Solides Fachwissen im Bereich der K\u00e4lte-, Klima- und L\u00fcftungstechnik<\/li>\n\n\n\n<li style=\"margin-left:2.5%;font-size:clamp(14px, 0.875rem + ((1vw - 3.2px) * 0.156), 16px);letter-spacing:0.5px;line-height:1.8\" data-block-type=\"core\">Immer kundenorientiert arbeiten, dabei den vertrieblichen Aspekt bewahren<\/li>\n\n\n\n<li style=\"margin-left:2.5%;font-size:clamp(14px, 0.875rem + ((1vw - 3.2px) * 0.156), 16px);letter-spacing:0.5px;line-height:1.8\" data-block-type=\"core\">Kommunikationsst\u00e4rke und Lernbereitschaft<\/li>\n\n\n\n<li style=\"margin-left:2.5%;font-size:clamp(14px, 0.875rem + ((1vw - 3.2px) * 0.156), 16px);letter-spacing:0.5px;line-height:1.8\" data-block-type=\"core\">Sie \u00fcbernehmen gerne Verantwortung und zeigen Einsatz<\/li>\n<\/ul>\n\n\n\n<div class=\"wp-block-stackable-text stk-block-text stk-block stk-7b82a82\" data-block-id=\"7b82a82\"><style>.stk-7b82a82 {overflow:hidden !important;margin-bottom:0% !important;margin-left:25% !important;}.stk-7b82a82 .stk-block-text__text{font-size:16px !important;color:var(--theme-palette-color-4, #181E4D) !important;line-height:1.8em !important;font-weight:700 !important;font-family:\"ct_font_helvetica__l_t__pro\", Sans-serif !important;letter-spacing:0.5px !important;}@media screen and (max-width:999px){.stk-7b82a82 {margin-right:0px !important;margin-left:0px !important;}.stk-7b82a82 .stk-block-text__text{font-size:16px !important;}}<\/style><p class=\"stk-block-text__text has-text-color\"><br><strong><strong><strong><strong>Das erwartet Sie:<\/strong><\/strong><\/strong><\/strong><\/p><\/div>\n\n\n\n<ul style=\"padding-right:0%;padding-left:25%\" class=\"wp-block-list has-palette-color-4-color has-text-color has-link-color wp-elements-fdb215099cf2489d615195ad1ccc25ae\" data-block-type=\"core\">\n<li style=\"margin-left:2.5%;font-size:clamp(14px, 0.875rem + ((1vw - 3.2px) * 0.156), 16px);letter-spacing:0.5px;line-height:1.8\" data-block-type=\"core\">unbefristete Anstellung<\/li>\n\n\n\n<li style=\"margin-left:2.5%;font-size:clamp(14px, 0.875rem + ((1vw - 3.2px) * 0.156), 16px);letter-spacing:0.5px;line-height:1.8\" data-block-type=\"core\">Fortbildungs- und Entwicklungsm\u00f6glichkeiten<\/li>\n\n\n\n<li style=\"margin-left:2.5%;font-size:clamp(14px, 0.875rem + ((1vw - 3.2px) * 0.156), 16px);letter-spacing:0.5px;line-height:1.8\" data-block-type=\"core\">leistungsgerechte Bezahlung und soziale Zusatzleistungen<\/li>\n\n\n\n<li style=\"margin-left:2.5%;font-size:clamp(14px, 0.875rem + ((1vw - 3.2px) * 0.156), 16px);letter-spacing:0.5px;line-height:1.8\" data-block-type=\"core\">kollegiales Miteinander<\/li>\n\n\n\n<li style=\"margin-left:2.5%;font-size:clamp(14px, 0.875rem + ((1vw - 3.2px) * 0.156), 16px);letter-spacing:0.5px;line-height:1.8\" data-block-type=\"core\">intensive Einarbeitung<\/li>\n\n\n\n<li style=\"margin-left:2.5%;font-size:clamp(14px, 0.875rem + ((1vw - 3.2px) * 0.156), 16px);letter-spacing:0.5px;line-height:1.8\" data-block-type=\"core\">Freir\u00e4ume, um eigenverantwortlich zu arbeiten<\/li>\n<\/ul>\n\n\n\n<div style=\"height:22px\" aria-hidden=\"true\" class=\"wp-block-spacer\" data-block-type=\"core\"><\/div>\n\n\n\n<div class=\"wp-block-stackable-text stk-block-text stk-block stk-612523a\" data-block-id=\"612523a\"><style>.stk-612523a {overflow:hidden !important;margin-left:25% !important;}.stk-612523a .stk-block-text__text{font-size:16px !important;color:var(--theme-palette-color-4, #181E4D) !important;line-height:1.8em !important;font-weight:400 !important;font-family:\"ct_font_helvetica__l_t__pro\", Sans-serif !important;letter-spacing:0.5px !important;}@media screen and (max-width:999px){.stk-612523a {margin-right:0px !important;margin-left:0px !important;}.stk-612523a .stk-block-text__text{font-size:16px !important;}}<\/style><p class=\"stk-block-text__text has-text-color\">Wir freuen uns auf Ihre aussagekr\u00e4ftige Bewerbung \u2013 bevorzugt per E-Mail an&nbsp;bewerbung@brion.biz&nbsp;\u2013 Angabe des m\u00f6glichen Eintrittstermins und Ihrer Gehaltsvorstellung.<\/p><\/div>\n\n\n\n<div style=\"height:22px\" aria-hidden=\"true\" class=\"wp-block-spacer\" data-block-type=\"core\"><\/div>\n\n\n\n<div class=\"wp-block-stackable-button-group stk-block-button-group stk-block stk-741402a\" data-block-id=\"741402a\"><style>.stk-741402a {margin-left:25% !important;}@media screen and (max-width:999px){.stk-741402a {margin-left:0px !important;}}<\/style><div class=\"stk-row stk-inner-blocks stk-block-content stk-button-group\">\n<div class=\"wp-block-stackable-button stk-block-button is-style-ghost stk-block stk-0ccf79c\" data-block-id=\"0ccf79c\"><style>.stk-0ccf79c {min-height:0px !important;align-items:center !important;padding-top:0px !important;padding-right:0px !important;padding-bottom:0px !important;padding-left:0px !important;display:flex !important;}.stk-0ccf79c .stk-button{padding-top:20px !important;padding-bottom:14px !important;background:var(--theme-palette-color-6, rgba(255, 255, 255, 0.8)) !important;}.stk-0ccf79c .stk-button:hover:after{background:transparent !important;opacity:1 !important;}:where(.stk-hover-parent:hover,  .stk-hover-parent.stk--is-hovered) .stk-0ccf79c .stk-button:after{background:transparent !important;opacity:1 !important;}.stk-0ccf79c .stk-button:before{border-style:solid !important;border-color:var(--theme-palette-color-3, #A0A8AE) !important;border-top-width:1px !important;border-right-width:1px !important;border-bottom-width:1px !important;border-left-width:1px !important;}.stk-0ccf79c .stk-button__inner-text{font-size:20px !important;color:var(--theme-palette-color-4, #131e46) !important;font-weight:300 !important;letter-spacing:1px !important;}@media screen and (max-width:999px){.stk-0ccf79c .stk-button__inner-text{font-size:20px !important;}}<\/style><style class=\"stk-custom-css\">.stk-0ccf79c.stk-block-button{width:340px !important}<\/style><a class=\"stk-link stk-button stk--hover-effect-darken\" href=\"mailto:bewerbung@brion.biz\"><span class=\"has-text-color stk-button__inner-text\">Jetzt bewerben<\/span><\/a><\/div>\n<\/div><\/div>\n\n\n\n<div class=\"wp-block-stackable-spacer stk-block-spacer stk--no-padding stk-block stk-cf242b9\" data-block-id=\"cf242b9\"><style>.stk-cf242b9 {height:107px !important;}<\/style><\/div>\n\n\n\n<div class=\"wp-block-stackable-heading stk-block-heading stk-block-heading--v2 stk-block stk-effe61f\" id=\"ihre-initiativbewerbung\" data-block-id=\"effe61f\"><style>.stk-effe61f {padding-left:60px !important;margin-bottom:33px !important;}.stk-effe61f .stk-block-heading__text{font-size:42px !important;color:var(--theme-palette-color-4, #181E4D) !important;line-height:1.2em !important;font-weight:100 !important;font-family:\"ct_font_helvetica__l_t__pro\", Sans-serif !important;letter-spacing:1px !important;}@media screen and (max-width:999px){.stk-effe61f .stk-block-heading__text{font-size:42px !important;}}<\/style><h2 class=\"stk-block-heading__text has-text-color\">Ihre Initiativbewerbung.<\/h2><\/div>\n\n\n\n<div class=\"wp-block-stackable-text stk-block-text stk-block stk-7f187b1\" data-block-id=\"7f187b1\"><style>.stk-7f187b1 {overflow:hidden !important;margin-left:25% !important;}.stk-7f187b1 .stk-block-text__text{font-size:16px !important;color:var(--theme-palette-color-4, #181E4D) !important;line-height:1.8em !important;font-weight:400 !important;font-family:\"ct_font_helvetica__l_t__pro\", Sans-serif !important;letter-spacing:0.5px !important;}@media screen and (max-width:999px){.stk-7f187b1 {margin-right:0px !important;margin-left:0px !important;}.stk-7f187b1 .stk-block-text__text{font-size:16px !important;}}<\/style><p class=\"stk-block-text__text has-text-color\"><strong><span style=\"color: var(--theme-palette-color-4, #131e46);\" class=\"stk-highlight\">Wir freuen uns immer \u00fcber eine motivierte Initiativbewerbung.<\/span><br><\/strong><br><span style=\"color: var(--theme-palette-color-4, #131e46);\" class=\"stk-highlight\">Denken Sie bitte daran, dass ist Ihr erster Eindruck \u2013 Bewerbungsunterlagen sollten daher vollst\u00e4ndig sein. Wenn Sie alles zusammen haben, senden Sie uns Ihre Bewerbung als eine Datei im pdf Format an: bewerbung@brion.biz<\/span><\/p><\/div>\n\n\n\n<div style=\"height:22px\" aria-hidden=\"true\" class=\"wp-block-spacer\" data-block-type=\"core\"><\/div>\n\n\n\n<div class=\"wp-block-stackable-button-group stk-block-button-group stk-block stk-2e4dae9\" data-block-id=\"2e4dae9\"><style>.stk-2e4dae9 {margin-left:25% !important;}@media screen and (max-width:999px){.stk-2e4dae9 {margin-left:0px !important;}}<\/style><div class=\"stk-row stk-inner-blocks stk-block-content stk-button-group\">\n<div class=\"wp-block-stackable-button stk-block-button is-style-ghost stk-block stk-80ed5ae\" data-block-id=\"80ed5ae\"><style>.stk-80ed5ae {min-height:0px !important;align-items:center !important;padding-top:0px !important;padding-right:0px !important;padding-bottom:0px !important;padding-left:0px !important;display:flex !important;}.stk-80ed5ae .stk-button{padding-top:20px !important;padding-right:16px !important;padding-bottom:14px !important;padding-left:16px !important;background:var(--theme-palette-color-6, rgba(255, 255, 255, 0.8)) !important;}.stk-80ed5ae .stk-button:hover:after{background:transparent !important;opacity:1 !important;}:where(.stk-hover-parent:hover,  .stk-hover-parent.stk--is-hovered) .stk-80ed5ae .stk-button:after{background:transparent !important;opacity:1 !important;}.stk-80ed5ae .stk-button:before{border-style:solid !important;border-color:var(--theme-palette-color-3, #A0A8AE) !important;border-top-width:1px !important;border-right-width:1px !important;border-bottom-width:1px !important;border-left-width:1px !important;}.stk-80ed5ae .stk-button__inner-text{font-size:20px !important;color:var(--theme-palette-color-4, #131e46) !important;font-weight:300 !important;letter-spacing:1px !important;}@media screen and (max-width:999px){.stk-80ed5ae .stk-button__inner-text{font-size:20px !important;}}<\/style><style class=\"stk-custom-css\">.stk-80ed5ae.stk-block-button{width:340px !important}<\/style><a class=\"stk-link stk-button stk--hover-effect-darken\" href=\"mailto:bewerbung@brion.biz\"><span class=\"has-text-color stk-button__inner-text\">Jetzt bewerben<\/span><\/a><\/div>\n<\/div><\/div>\n\n\n\n<div class=\"wp-block-stackable-spacer stk-block-spacer stk--no-padding stk-block stk-2e7dbcc\" data-block-id=\"2e7dbcc\"><style>.stk-2e7dbcc {height:107px !important;}<\/style><\/div>\n<\/div>","protected":false},"excerpt":{"rendered":"<p>Gutes Klima dank brion. Mit rund 30 Mitarbeitern begeistern wir von Bochum aus seit Jahren unsere Kunden. Wie? Indem wir Anlagen der Luft- und Klimatechnik projektieren, realisieren und warten. Alles aus einer Hand. Professionell. Zuverl\u00e4ssig. Zielorientiert. Daf\u00fcr zeigen wir deutschlandweit f\u00fcr unsere Kunden vollen Einsatz. Jeden Tag aufs Neue. Uns ist es wichtig unsere Kunden [&hellip;]<\/p>\n","protected":false},"author":2,"featured_media":0,"parent":672,"menu_order":0,"comment_status":"closed","ping_status":"closed","template":"","meta":{"_acf_changed":false,"footnotes":""},"folder":[],"class_list":["post-2730","page","type-page","status-publish","hentry"],"blocksy_meta":{"has_hero_section":"disabled","styles_descriptor":{"styles":{"desktop":"","tablet":"","mobile":""},"google_fonts":[],"version":6}},"acf":[],"_links":{"self":[{"href":"https:\/\/brion.info\/en\/wp-json\/wp\/v2\/pages\/2730","targetHints":{"allow":["GET"]}}],"collection":[{"href":"https:\/\/brion.info\/en\/wp-json\/wp\/v2\/pages"}],"about":[{"href":"https:\/\/brion.info\/en\/wp-json\/wp\/v2\/types\/page"}],"author":[{"embeddable":true,"href":"https:\/\/brion.info\/en\/wp-json\/wp\/v2\/users\/2"}],"replies":[{"embeddable":true,"href":"https:\/\/brion.info\/en\/wp-json\/wp\/v2\/comments?post=2730"}],"version-history":[{"count":12,"href":"https:\/\/brion.info\/en\/wp-json\/wp\/v2\/pages\/2730\/revisions"}],"predecessor-version":[{"id":4269,"href":"https:\/\/brion.info\/en\/wp-json\/wp\/v2\/pages\/2730\/revisions\/4269"}],"up":[{"embeddable":true,"href":"https:\/\/brion.info\/en\/wp-json\/wp\/v2\/pages\/672"}],"wp:attachment":[{"href":"https:\/\/brion.info\/en\/wp-json\/wp\/v2\/media?parent=2730"}],"wp:term":[{"taxonomy":"folder","embeddable":true,"href":"https:\/\/brion.info\/en\/wp-json\/wp\/v2\/folder?post=2730"}],"curies":[{"name":"wp","href":"https:\/\/api.w.org\/{rel}","templated":true}]}}