{"id":1855,"date":"2026-01-27T01:53:07","date_gmt":"2026-01-27T01:53:07","guid":{"rendered":"https:\/\/brion.info\/?page_id=1855"},"modified":"2026-02-24T16:39:38","modified_gmt":"2026-02-24T15:39:38","slug":"impressum","status":"publish","type":"page","link":"https:\/\/brion.info\/en\/impressum\/","title":{"rendered":"Impressum"},"content":{"rendered":"<p><strong>Impressum<\/strong><br><br>brion GmbH &amp; Co. KG<br>Prinz-Regent-Str. 44<br>44795 Bochum<br>Deutschland<\/p>\n\n\n\n<p><strong>Kontakt<\/strong><\/p>\n\n\n\n<p>Telefon: +49 234 977 28-0<br>E-Mail: <a>nachricht@brion.biz<\/a><\/p>\n\n\n\n<p><strong>Registereintrag<\/strong><\/p>\n\n\n\n<p>Registergericht: Amtsgericht Bochum<br>Registernummer: HRA 5871<\/p>\n\n\n\n<p><strong>Pers\u00f6nlich haftende Gesellschafterin (Komplement\u00e4rin)<\/strong><\/p>\n\n\n\n<p>brion GmbH<br>Registergericht: Amtsgericht Bochum<br>Registernummer: HRB 10680<\/p>\n\n\n\n<p>Vertreten durch den Gesch\u00e4ftsf\u00fchrer:<br>Gernot M. A. Briegert<\/p>\n\n\n\n<p><strong>Umsatzsteuer<\/strong><\/p>\n\n\n\n<p>Umsatzsteuer-Identifikationsnummer gem\u00e4\u00df \u00a7 27a UStG:<br>DE 136 662 072<\/p>\n\n\n\n<p><strong>Verantwortlich f\u00fcr den Inhalt nach \u00a7 18 Abs. 2 MStV<\/strong><\/p>\n\n\n\n<p>Gernot M. A. Briegert<br>Prinz-Regent-Str. 44<br>44795 Bochum<\/p>\n\n\n\n<p><strong>Streitbeilegung<\/strong><\/p>\n\n\n\n<p>Wir sind nicht verpflichtet und nicht bereit, an einem Streitbeilegungsverfahren vor einer Verbraucherschlichtungsstelle teilzunehmen.<\/p>\n\n\n\n<div class=\"gb-element-21606067\">\n<p><\/p>\n<\/div>","protected":false},"excerpt":{"rendered":"<p>Impressum brion GmbH &amp; Co. KGPrinz-Regent-Str. 4444795 BochumDeutschland Kontakt Telefon: +49 234 977 28-0E-Mail: nachricht@brion.biz Registereintrag Registergericht: Amtsgericht BochumRegisternummer: HRA 5871 Pers\u00f6nlich haftende Gesellschafterin (Komplement\u00e4rin) brion GmbHRegistergericht: Amtsgericht BochumRegisternummer: HRB 10680 Vertreten durch den Gesch\u00e4ftsf\u00fchrer:Gernot M. A. Briegert Umsatzsteuer Umsatzsteuer-Identifikationsnummer gem\u00e4\u00df \u00a7 27a UStG:DE 136 662 072 Verantwortlich f\u00fcr den Inhalt nach \u00a7 18 Abs. [&hellip;]<\/p>\n","protected":false},"author":2,"featured_media":0,"parent":0,"menu_order":0,"comment_status":"closed","ping_status":"closed","template":"","meta":{"_acf_changed":false,"footnotes":""},"folder":[],"class_list":["post-1855","page","type-page","status-publish","hentry"],"blocksy_meta":{"has_hero_section":"disabled","styles_descriptor":{"styles":{"desktop":"","tablet":"","mobile":""},"google_fonts":[],"version":6}},"acf":[],"_links":{"self":[{"href":"https:\/\/brion.info\/en\/wp-json\/wp\/v2\/pages\/1855","targetHints":{"allow":["GET"]}}],"collection":[{"href":"https:\/\/brion.info\/en\/wp-json\/wp\/v2\/pages"}],"about":[{"href":"https:\/\/brion.info\/en\/wp-json\/wp\/v2\/types\/page"}],"author":[{"embeddable":true,"href":"https:\/\/brion.info\/en\/wp-json\/wp\/v2\/users\/2"}],"replies":[{"embeddable":true,"href":"https:\/\/brion.info\/en\/wp-json\/wp\/v2\/comments?post=1855"}],"version-history":[{"count":34,"href":"https:\/\/brion.info\/en\/wp-json\/wp\/v2\/pages\/1855\/revisions"}],"predecessor-version":[{"id":5591,"href":"https:\/\/brion.info\/en\/wp-json\/wp\/v2\/pages\/1855\/revisions\/5591"}],"wp:attachment":[{"href":"https:\/\/brion.info\/en\/wp-json\/wp\/v2\/media?parent=1855"}],"wp:term":[{"taxonomy":"folder","embeddable":true,"href":"https:\/\/brion.info\/en\/wp-json\/wp\/v2\/folder?post=1855"}],"curies":[{"name":"wp","href":"https:\/\/api.w.org\/{rel}","templated":true}]}}